{"id":48,"date":"2019-11-14T14:07:58","date_gmt":"2019-11-14T13:07:58","guid":{"rendered":"http:\/\/shb.mues-schrewe.com\/?page_id=48"},"modified":"2021-05-15T13:12:20","modified_gmt":"2021-05-15T11:12:20","slug":"heimatbund","status":"publish","type":"page","link":"https:\/\/shb.mues-schrewe.com\/?page_id=48","title":{"rendered":"Heimatbund"},"content":{"rendered":"\n\t\t\t\t<img decoding=\"async\" src=\"http:\/\/shb.mues-schrewe.com\/wp-content\/plugins\/bb-plugin\/img\/pixel.png\" alt=\"\" itemprop=\"image\" onerror=\"this.style.display='none'\"  \/>\n<h2>\n\t\tHeimatbund <br> Sundern\n\t<\/h2>\n<h2>\n\t\tHeimatbund\n\t<\/h2>\n\t<p>Der Untertitel im Vereinsnamen: &#8222;Verein f\u00fcr Geschichte, Kultur und Heimatpflege&#8220; deutet die Schwerpunkte der Arbeit des Vereins an, der sich nicht nur um die Belange der alten Freiheit Sundern k\u00fcmmert, sondern auch die Geschichte und Kultur der Ortsteile der Stadt Sundern ber\u00fccksichtigt.<\/p>\n\n<p>Dabei sollen den Menschen Kenntnisse \u00fcber sowie Verst\u00e4ndnis und Verantwortungsbewusstsein f\u00fcr ihre Heimat, deren Geschichte, Sprache, Religion und Literatur, aber auch ihre wirtschaftlichen und \u00f6kologischen Grundlagen n\u00e4hergebracht werden. Hauptmedium dazu sind die j\u00e4hrlich vom Verein herausgegebenen &#8222;Sunderner Heimatbl\u00e4tter&#8220;, die durch Exkursionen zu regionalen und \u00fcberregionalen Ausstellungen sowie wissenschaftliche Vortr\u00e4ge erg\u00e4nzt werden. Hinzu kommen Besuche von Museen und Archiven, Stadtf\u00fchrungen sowie naturkundliche Exkursionen im Stadtgebiet.<\/p>\n\n<p>Damit neben diesen teilweisen wissenschaftlichen Veranstaltungen die pers\u00f6nlichen Kontakte zwischen den Mitgliedern nicht zu kurz kommen, wird in der Vorweihnachtszeit im Zusammenhang mit einer Exkursion zu einem kulturellen oder historischen Ziel ein gemeinsames Essen durchgef\u00fchrt.\u00a0 <\/p>\n\n\t<h2>Lorem ipsum<\/h2>\n<p>At vero eos et accusam et justo duo dolores et ea rebum. Stet clita kasd gubergren, no sea takimata sanctus est Lorem ipsum dolor sit amet.<\/p>\n<p>&nbsp;<\/p>\n\t\t\t<a href=\"#\" target=\"_self\" role=\"button\" rel=\"noopener noreferrer\">\n\t\t\t\t\t\t\tMehr erfahren\n\t\t\t\t\t<\/a>\n\t<h2>Lorem ipsum<\/h2>\n<p>At vero eos et accusam et justo duo dolores et ea rebum. Stet clita kasd gubergren, no sea takimata sanctus est Lorem ipsum dolor sit amet.<\/p>\n<p>&nbsp;<\/p>\n\t<h2>Lorem ipsum<\/h2>\n<p>At vero eos et accusam et justo duo dolores et ea rebum. Stet clita kasd gubergren, no sea takimata sanctus est Lorem ipsum dolor sit amet.<\/p>\n<p>&nbsp;<\/p>\n","protected":false},"excerpt":{"rendered":"<p>Heimatbund Sundern Heimatbund Der Untertitel im Vereinsnamen: &#8222;Verein f\u00fcr Geschichte, Kultur und Heimatpflege&#8220; deutet die Schwerpunkte der Arbeit des Vereins an, der sich nicht nur um die Belange der alten Freiheit Sundern k\u00fcmmert, sondern auch die Geschichte und Kultur der Ortsteile der Stadt Sundern ber\u00fccksichtigt. Dabei sollen den Menschen Kenntnisse \u00fcber sowie Verst\u00e4ndnis und Verantwortungsbewusstsein&hellip;<\/p>\n","protected":false},"author":1,"featured_media":0,"parent":0,"menu_order":0,"comment_status":"closed","ping_status":"closed","template":"","meta":{"footnotes":""},"class_list":["post-48","page","type-page","status-publish","hentry"],"_links":{"self":[{"href":"https:\/\/shb.mues-schrewe.com\/index.php?rest_route=\/wp\/v2\/pages\/48","targetHints":{"allow":["GET"]}}],"collection":[{"href":"https:\/\/shb.mues-schrewe.com\/index.php?rest_route=\/wp\/v2\/pages"}],"about":[{"href":"https:\/\/shb.mues-schrewe.com\/index.php?rest_route=\/wp\/v2\/types\/page"}],"author":[{"embeddable":true,"href":"https:\/\/shb.mues-schrewe.com\/index.php?rest_route=\/wp\/v2\/users\/1"}],"replies":[{"embeddable":true,"href":"https:\/\/shb.mues-schrewe.com\/index.php?rest_route=%2Fwp%2Fv2%2Fcomments&post=48"}],"version-history":[{"count":20,"href":"https:\/\/shb.mues-schrewe.com\/index.php?rest_route=\/wp\/v2\/pages\/48\/revisions"}],"predecessor-version":[{"id":280,"href":"https:\/\/shb.mues-schrewe.com\/index.php?rest_route=\/wp\/v2\/pages\/48\/revisions\/280"}],"wp:attachment":[{"href":"https:\/\/shb.mues-schrewe.com\/index.php?rest_route=%2Fwp%2Fv2%2Fmedia&parent=48"}],"curies":[{"name":"wp","href":"https:\/\/api.w.org\/{rel}","templated":true}]}}